{"id":1858,"date":"2020-03-12T16:17:08","date_gmt":"2020-03-12T16:17:08","guid":{"rendered":"http:\/\/lca.ipportalegre.pt\/?page_id=1858"},"modified":"2020-03-12T16:17:08","modified_gmt":"2020-03-12T16:17:08","slug":"equipamentos-a-instalar-na-biobip","status":"publish","type":"page","link":"https:\/\/lca.ipportalegre.pt\/?page_id=1858","title":{"rendered":"Equipamentos a instalar na BioBIP"},"content":{"rendered":"<p style=\"text-align: justify;\">O investimento em curso para a aquisi\u00e7\u00e3o de equipamentos e de consolida\u00e7\u00e3o da proposta de investimento inicial visa dar continuidade \u00e0 estrat\u00e9gia de desenvolvimento no \u00e2mbito da investiga\u00e7\u00e3o e da transfer\u00eancia de conhecimento e inova\u00e7\u00e3o, bem como refor\u00e7ar a presta\u00e7\u00e3o de servi\u00e7os ao mercado que promovam a inova\u00e7\u00e3o empresarial.<\/p>\n<p style=\"text-align: justify;\"><strong>\u2010 Transporte e melhoramento na Central de Gaseifica\u00e7\u00e3o<\/strong><br \/>\nO Polit\u00e9cnico de Portalegre j\u00e1 disp\u00f5e de uma unidade de gaseifica\u00e7\u00e3o t\u00e9rmica em leito fluidizado borbulhante de 100 kg\/k que requer uma interven\u00e7\u00e3o de requalifica\u00e7\u00e3o no sentido de a adequar a desenvolvimentos tecnol\u00f3gicos recentes estudados no instituto.<br \/>\nAtualmente, a gaseifica\u00e7\u00e3o da biomassa \u00e9 uma das tecnologias mais atrativas para produzir eletricidade a partir de recursos renov\u00e1veis biom\u00e1ssicos, nomeadamente res\u00edduos. A tecnologia est\u00e1 bem estabelecida para produ\u00e7\u00e3o de energia; no entanto, precisa de evoluir para processos de limpeza mais eficientes e preparar a unidade para ser complementada com processos de metana\u00e7\u00e3o.<br \/>\nNesta fase de desenvolvimento pretende-se que esta unidade possa dar continuidade aos trabalhos de an\u00e1lise da potencialidade da utiliza\u00e7\u00e3o da gaseifica\u00e7\u00e3o de v\u00e1rias biomassas end\u00f3genas dispon\u00edveis em Portugal, no sentido de aumentar a convers\u00e3o de carbono e a efici\u00eancia energ\u00e9tica, bem como, produzir g\u00e1s natural sint\u00e9tico (SNG) e outros combust\u00edveis gasosos (por exemplo, hidrog\u00e9nio) a partir da biomassa. Assim, \u00e9 objetivo, para al\u00e9m da sua desloca\u00e7\u00e3o para a unidade do BioBIP (encontrando-se atualmente instalada no parque industrial do munic\u00edpio de Portalegre), a sua manuten\u00e7\u00e3o geral, pretendendo-se instalar novos sistemas de controlo, limpeza e produ\u00e7\u00e3o de energia.<\/p>\n<p style=\"text-align: justify;\"><strong>\u2010 Peletizadora 100 kg\/h;<\/strong><br \/>\nComo se processa e se estuda diferentes tipos de biomassas s\u00f3lidas, em diferentes condi\u00e7\u00f5es granulom\u00e9tricas, o seu processamento por processos termoqu\u00edmicos (combust\u00e3o e gaseifica\u00e7\u00e3o) pode exigir a sua densifica\u00e7\u00e3o. Por outro lado, h\u00e1 tamb\u00e9m um objetivo de desenvolver e estudar novos combust\u00edveis s\u00f3lidos provenientes de res\u00edduos industriais em misturas que exigem no seu processamento a sua densifica\u00e7\u00e3o.<\/p>\n<p style=\"text-align: justify;\"><strong>&#8211; C\u00e9lula de combust\u00edvel de alta temperatura de \u00d3xido S\u00f3lido (SOFC)<\/strong><br \/>\nUma das maneiras promissoras de produzir energia el\u00e9trica e calor a partir de combust\u00edveis gasosos, nomeadamente g\u00e1s natural e gases naturais sint\u00e9ticos, obtidos por gaseifica\u00e7\u00e3o t\u00e9rmica de biomassa, \u00e9 a utiliza\u00e7\u00e3o de c\u00e9lulas de combust\u00edveis de \u00f3xido s\u00f3lido a temperaturas elevadas. Estes sistemas, j\u00e1 com um grau elevado de desenvolvimento, tendo vindo a ser implementados com sucesso em diferentes pa\u00edses em aplica\u00e7\u00f5es dom\u00e9sticas e industriais.<br \/>\nO sistema proposto ser\u00e1 acoplado \u00e0s unidades de produ\u00e7\u00e3o de gases a partir de biomassa s\u00f3lida e de digest\u00e3o anaer\u00f3bia. O g\u00e1s produzido na gaseifica\u00e7\u00e3o da biomassa geralmente \u00e9 composto principalmente por CO, CO2, H2, CH4, H2O, N2 e vest\u00edgios de hidrocarbonetos superiores que podem ser utilizados quase diretamente numa c\u00e9lula de combust\u00edvel desta natureza.<\/p>\n<p style=\"text-align: justify;\"><strong>\u2010 Banco de ensaios de motores internos de combust\u00e3o<\/strong><br \/>\nConsiderando que se est\u00e1 a desenvolver biocombust\u00edveis, cuja utiliza\u00e7\u00e3o se prende com os motores de combust\u00e3o interna, s\u00e3o necess\u00e1rios equipamentos que permitam a sua avalia\u00e7\u00e3o efetiva e pr\u00e1tica. Desta forma \u00e9 muito relevante poder-se dispor de um banco de ensaios de motores de combust\u00e3o interna para teste de desempenho dos v\u00e1rios combust\u00edveis que s\u00e3o produzidos e otimiza\u00e7\u00e3o dos seus processos de combust\u00e3o.<\/p>\n<p style=\"text-align: justify;\"><strong>\u2010 Sistemas para quantificar gases de gaseifica\u00e7\u00e3o port\u00e1til<\/strong><br \/>\nConsiderando que se est\u00e1 a utilizar sistemas semi-industriais de produ\u00e7\u00e3o de gases, \u00e9 de todo importante poder dispor de equipamentos port\u00e1teis de determina\u00e7\u00e3o de gases que possam ser utilizados por v\u00e1rios equipamentos e que permitam obter informa\u00e7\u00e3o com rapidez.<\/p>\n<p style=\"text-align: justify;\"><strong>\u2010 Softwares de simula\u00e7\u00e3o<\/strong><br \/>\nA componente de dimensionamento de sistemas tecnol\u00f3gicos de valoriza\u00e7\u00e3o de biomassa que s\u00e3o desenvolvidos precisam de ser dimensionados para unidades industriais, havendo assim necessidade de apoio de software de simula\u00e7\u00e3o e dimensionamento.<\/p>\n<p style=\"text-align: justify;\"><strong>\u2010 Instrumenta\u00e7\u00e3o diversa para melhoramento das unidades em funcionamento<\/strong><br \/>\nConstituindo a BioBIP 2 um projeto de continua\u00e7\u00e3o da BioBIP atualmente existente, h\u00e1 necessidade de haver uma avalia\u00e7\u00e3o dos equipamentos j\u00e1 instalados no sentido de melhorar o seu desempenho. Assim, h\u00e1 um conjunto de pequenos equipamentos que s\u00e3o \u00fateis a uma infraestrutura semi-industrial, atualmente em funcionamento.<\/p>\n","protected":false},"excerpt":{"rendered":"<p>O investimento em curso para a aquisi\u00e7\u00e3o de equipamentos e de consolida\u00e7\u00e3o da proposta de investimento inicial visa dar continuidade \u00e0 estrat\u00e9gia de desenvolvimento no \u00e2mbito da investiga\u00e7\u00e3o e da &#8230;<\/p>\n","protected":false},"author":5,"featured_media":0,"parent":0,"menu_order":0,"comment_status":"closed","ping_status":"closed","template":"","meta":{"footnotes":""},"class_list":["post-1858","page","type-page","status-publish","hentry"],"_links":{"self":[{"href":"https:\/\/lca.ipportalegre.pt\/index.php?rest_route=\/wp\/v2\/pages\/1858","targetHints":{"allow":["GET"]}}],"collection":[{"href":"https:\/\/lca.ipportalegre.pt\/index.php?rest_route=\/wp\/v2\/pages"}],"about":[{"href":"https:\/\/lca.ipportalegre.pt\/index.php?rest_route=\/wp\/v2\/types\/page"}],"author":[{"embeddable":true,"href":"https:\/\/lca.ipportalegre.pt\/index.php?rest_route=\/wp\/v2\/users\/5"}],"replies":[{"embeddable":true,"href":"https:\/\/lca.ipportalegre.pt\/index.php?rest_route=%2Fwp%2Fv2%2Fcomments&post=1858"}],"version-history":[{"count":3,"href":"https:\/\/lca.ipportalegre.pt\/index.php?rest_route=\/wp\/v2\/pages\/1858\/revisions"}],"predecessor-version":[{"id":1865,"href":"https:\/\/lca.ipportalegre.pt\/index.php?rest_route=\/wp\/v2\/pages\/1858\/revisions\/1865"}],"wp:attachment":[{"href":"https:\/\/lca.ipportalegre.pt\/index.php?rest_route=%2Fwp%2Fv2%2Fmedia&parent=1858"}],"curies":[{"name":"wp","href":"https:\/\/api.w.org\/{rel}","templated":true}]}}