{"id":1651,"date":"2020-02-12T14:27:05","date_gmt":"2020-02-12T14:27:05","guid":{"rendered":"http:\/\/lca.ipportalegre.pt\/?page_id=1651"},"modified":"2020-02-12T14:27:06","modified_gmt":"2020-02-12T14:27:06","slug":"economia-circular","status":"publish","type":"page","link":"https:\/\/lca.ipportalegre.pt\/?page_id=1651","title":{"rendered":"Economia Circular"},"content":{"rendered":"<p style=\"text-align: justify;\">Economia Circular \u00e9 um conceito estrat\u00e9gico que assenta na preven\u00e7\u00e3o, redu\u00e7\u00e3o, reutiliza\u00e7\u00e3o, recupera\u00e7\u00e3o e reciclagem de materiais e energia. Substituindo o conceito de fim-de-vida da economia linear, por novos fluxos circulares de reutiliza\u00e7\u00e3o, restaura\u00e7\u00e3o e renova\u00e7\u00e3o, num processo integrado, a economia circular \u00e9 vista como um elemento chave para promover a dissocia\u00e7\u00e3o entre o crescimento econ\u00f3mico e o aumento no consumo de recursos, rela\u00e7\u00e3o at\u00e9 aqui vista como inexor\u00e1vel.<\/p>\n<p style=\"text-align: justify;\">Procura-se, assim, o desenvolvimento de novos produtos e servi\u00e7os economicamente vi\u00e1veis e ecologicamente eficientes, radicados em ciclos idealmente perp\u00e9tuos de reconvers\u00e3o a montante e a jusante. Os resultados s\u00e3o a minimiza\u00e7\u00e3o da extra\u00e7\u00e3o de recursos, maximiza\u00e7\u00e3o da reutiliza\u00e7\u00e3o, aumento da efici\u00eancia e desenvolvimento de novos modelos de neg\u00f3cios.<\/p>\n<p style=\"text-align: justify;\">Uma economia circular \u00e9 entendida como uma economia que promove ativamente o uso eficiente e a produtividade dos recursos por ela dinamizados, atrav\u00e9s de produtos, processos e modelos de neg\u00f3cio assentes na desmaterializa\u00e7\u00e3o, reutiliza\u00e7\u00e3o, reciclagem e recupera\u00e7\u00e3o dos materiais. Desta forma, procura -se extrair valor econ\u00f3mico e utilidade dos materiais, equipamentos e bens pelo maior tempo poss\u00edvel, em ciclos energizados por fontes renov\u00e1veis. Os materiais s\u00e3o preservados, restaurados ou reintroduzidos no sistema de modo c\u00edclico, com vantagens econ\u00f3micas para fornecedores e utilizadores, e vantagens ambientais decorrentes de menor extra\u00e7\u00e3o e importa\u00e7\u00e3o de mat\u00e9rias-primas, redu\u00e7\u00e3o na produ\u00e7\u00e3o de res\u00edduos e redu\u00e7\u00e3o de emiss\u00f5es associadas.<\/p>\n<p style=\"text-align: justify;\">Os princ\u00edpios de economia circular s\u00e3o definidos como:<br>&#8211; Conceber produtos, servi\u00e7os e modelos de neg\u00f3cio que previnam a produ\u00e7\u00e3o de res\u00edduos e polui\u00e7\u00e3o do sistema natural;<br>&#8211; Manter produtos e materiais em utiliza\u00e7\u00e3o, no seu valor econ\u00f3mico e utilidade mais elevados, pelo m\u00e1ximo tempo poss\u00edvel;<br>&#8211; Fomentar a regenera\u00e7\u00e3o dos recursos materiais utilizados e dos sistemas naturais subjacentes.<\/p>\n<p style=\"text-align: justify;\">A economia circular \u00e9 hoje tida pela Conven\u00e7\u00e3o Quadro das Na\u00e7\u00f5es Unidas para as Altera\u00e7\u00f5es Clim\u00e1ticas como um tema chave, j\u00e1 que mais de 50 % das emiss\u00f5es est\u00e3o relacionadas com a quantidade de mat\u00e9rias \u2013primas utilizadas. A melhoria da efici\u00eancia dos recursos, maior reutiliza\u00e7\u00e3o e reciclagem, e uma redu\u00e7\u00e3o absoluta da utiliza\u00e7\u00e3o de mat\u00e9rias-primas devem, por conseguinte, fazer parte da pol\u00edtica clim\u00e1tica, a par da redu\u00e7\u00e3o de emiss\u00f5es e mitiga\u00e7\u00e3o.<\/p>\n<p style=\"text-align: justify;\">in \u201cPlano de A\u00e7\u00e3o para a Economia Circular em Portugal 2017-2020\u201d<\/p>\n\n\n<p><\/p>\n","protected":false},"excerpt":{"rendered":"<p>Economia Circular \u00e9 um conceito estrat\u00e9gico que assenta na preven\u00e7\u00e3o, redu\u00e7\u00e3o, reutiliza\u00e7\u00e3o, recupera\u00e7\u00e3o e reciclagem de materiais e energia. Substituindo o conceito de fim-de-vida da economia linear, por novos fluxos &#8230;<\/p>\n","protected":false},"author":5,"featured_media":0,"parent":0,"menu_order":0,"comment_status":"closed","ping_status":"closed","template":"","meta":{"footnotes":""},"class_list":["post-1651","page","type-page","status-publish","hentry"],"_links":{"self":[{"href":"https:\/\/lca.ipportalegre.pt\/index.php?rest_route=\/wp\/v2\/pages\/1651","targetHints":{"allow":["GET"]}}],"collection":[{"href":"https:\/\/lca.ipportalegre.pt\/index.php?rest_route=\/wp\/v2\/pages"}],"about":[{"href":"https:\/\/lca.ipportalegre.pt\/index.php?rest_route=\/wp\/v2\/types\/page"}],"author":[{"embeddable":true,"href":"https:\/\/lca.ipportalegre.pt\/index.php?rest_route=\/wp\/v2\/users\/5"}],"replies":[{"embeddable":true,"href":"https:\/\/lca.ipportalegre.pt\/index.php?rest_route=%2Fwp%2Fv2%2Fcomments&post=1651"}],"version-history":[{"count":2,"href":"https:\/\/lca.ipportalegre.pt\/index.php?rest_route=\/wp\/v2\/pages\/1651\/revisions"}],"predecessor-version":[{"id":1678,"href":"https:\/\/lca.ipportalegre.pt\/index.php?rest_route=\/wp\/v2\/pages\/1651\/revisions\/1678"}],"wp:attachment":[{"href":"https:\/\/lca.ipportalegre.pt\/index.php?rest_route=%2Fwp%2Fv2%2Fmedia&parent=1651"}],"curies":[{"name":"wp","href":"https:\/\/api.w.org\/{rel}","templated":true}]}}